{"id":42,"date":"2025-07-01T20:28:27","date_gmt":"2025-07-01T20:28:27","guid":{"rendered":"https:\/\/abarca.pt\/?page_id=42"},"modified":"2025-07-01T20:28:27","modified_gmt":"2025-07-01T20:28:27","slug":"contas-2018","status":"publish","type":"page","link":"http:\/\/www.abarca.pt\/?page_id=42","title":{"rendered":"Contas 2018"},"content":{"rendered":"\n<div data-wp-interactive=\"core\/file\" class=\"wp-block-file alignwide\"><object data-wp-bind--hidden=\"!state.hasPdfPreview\" hidden class=\"wp-block-file__embed\" data=\"http:\/\/www.abarca.pt\/wp-content\/uploads\/2025\/07\/2018-Anexo-Contas.pdf\" type=\"application\/pdf\" style=\"width:100%;height:600px\" aria-label=\"Incorpora\u00e7\u00e3o de 2018 - Anexo Contas.\"><\/object><a id=\"wp-block-file--media-41c67d98-2d64-4aaf-b4e8-19260587f13f\" href=\"http:\/\/www.abarca.pt\/wp-content\/uploads\/2025\/07\/2018-Anexo-Contas.pdf\">2018 &#8211; Anexo Contas<\/a><a href=\"http:\/\/www.abarca.pt\/wp-content\/uploads\/2025\/07\/2018-Anexo-Contas.pdf\" class=\"wp-block-file__button wp-element-button\" download aria-describedby=\"wp-block-file--media-41c67d98-2d64-4aaf-b4e8-19260587f13f\">Descarregar<\/a><\/div>\n\n\n\n<div data-wp-interactive=\"core\/file\" class=\"wp-block-file alignwide\"><object data-wp-bind--hidden=\"!state.hasPdfPreview\" hidden class=\"wp-block-file__embed\" data=\"http:\/\/www.abarca.pt\/wp-content\/uploads\/2025\/07\/2018-Parecer-Conselho-Fiscal.pdf\" type=\"application\/pdf\" style=\"width:100%;height:600px\" aria-label=\"Incorpora\u00e7\u00e3o de 2018 - Parecer Conselho Fiscal.\"><\/object><a id=\"wp-block-file--media-917b805c-3916-4070-8273-af96b7c1566e\" href=\"http:\/\/www.abarca.pt\/wp-content\/uploads\/2025\/07\/2018-Parecer-Conselho-Fiscal.pdf\">2018 &#8211; Parecer Conselho Fiscal<\/a><a href=\"http:\/\/www.abarca.pt\/wp-content\/uploads\/2025\/07\/2018-Parecer-Conselho-Fiscal.pdf\" class=\"wp-block-file__button wp-element-button\" download aria-describedby=\"wp-block-file--media-917b805c-3916-4070-8273-af96b7c1566e\">Descarregar<\/a><\/div>\n\n\n\n<div data-wp-interactive=\"core\/file\" class=\"wp-block-file alignwide\"><object data-wp-bind--hidden=\"!state.hasPdfPreview\" hidden class=\"wp-block-file__embed\" data=\"http:\/\/www.abarca.pt\/wp-content\/uploads\/2025\/07\/2018-Relatorio-de-Atividades.pdf\" type=\"application\/pdf\" style=\"width:100%;height:600px\" aria-label=\"Incorpora\u00e7\u00e3o de 2018 - Relatorio de Atividades.\"><\/object><a id=\"wp-block-file--media-c53e2b01-1dba-4e6d-abae-b2f64b50de59\" href=\"http:\/\/www.abarca.pt\/wp-content\/uploads\/2025\/07\/2018-Relatorio-de-Atividades.pdf\">2018 &#8211; Relatorio de Atividades<\/a><a href=\"http:\/\/www.abarca.pt\/wp-content\/uploads\/2025\/07\/2018-Relatorio-de-Atividades.pdf\" class=\"wp-block-file__button wp-element-button\" download aria-describedby=\"wp-block-file--media-c53e2b01-1dba-4e6d-abae-b2f64b50de59\">Descarregar<\/a><\/div>\n\n\n\n<div data-wp-interactive=\"core\/file\" class=\"wp-block-file alignwide\"><object data-wp-bind--hidden=\"!state.hasPdfPreview\" hidden class=\"wp-block-file__embed\" data=\"http:\/\/www.abarca.pt\/wp-content\/uploads\/2025\/07\/2018-Relatorio-e-Contas.pdf\" type=\"application\/pdf\" style=\"width:100%;height:600px\" aria-label=\"Incorpora\u00e7\u00e3o de 2018 - Relat\u00f3rio e Contas.\"><\/object><a id=\"wp-block-file--media-8c2d71f4-9b3e-44f0-bf9a-b7fd7431aca2\" href=\"http:\/\/www.abarca.pt\/wp-content\/uploads\/2025\/07\/2018-Relatorio-e-Contas.pdf\">2018 &#8211; Relat\u00f3rio e Contas<\/a><a href=\"http:\/\/www.abarca.pt\/wp-content\/uploads\/2025\/07\/2018-Relatorio-e-Contas.pdf\" class=\"wp-block-file__button wp-element-button\" download aria-describedby=\"wp-block-file--media-8c2d71f4-9b3e-44f0-bf9a-b7fd7431aca2\">Descarregar<\/a><\/div>\n","protected":false},"excerpt":{"rendered":"","protected":false},"author":1,"featured_media":0,"parent":0,"menu_order":0,"comment_status":"closed","ping_status":"closed","template":"","meta":{"footnotes":""},"class_list":["post-42","page","type-page","status-publish","hentry"],"_links":{"self":[{"href":"http:\/\/www.abarca.pt\/index.php?rest_route=\/wp\/v2\/pages\/42","targetHints":{"allow":["GET"]}}],"collection":[{"href":"http:\/\/www.abarca.pt\/index.php?rest_route=\/wp\/v2\/pages"}],"about":[{"href":"http:\/\/www.abarca.pt\/index.php?rest_route=\/wp\/v2\/types\/page"}],"author":[{"embeddable":true,"href":"http:\/\/www.abarca.pt\/index.php?rest_route=\/wp\/v2\/users\/1"}],"replies":[{"embeddable":true,"href":"http:\/\/www.abarca.pt\/index.php?rest_route=%2Fwp%2Fv2%2Fcomments&post=42"}],"version-history":[{"count":1,"href":"http:\/\/www.abarca.pt\/index.php?rest_route=\/wp\/v2\/pages\/42\/revisions"}],"predecessor-version":[{"id":47,"href":"http:\/\/www.abarca.pt\/index.php?rest_route=\/wp\/v2\/pages\/42\/revisions\/47"}],"wp:attachment":[{"href":"http:\/\/www.abarca.pt\/index.php?rest_route=%2Fwp%2Fv2%2Fmedia&parent=42"}],"curies":[{"name":"wp","href":"https:\/\/api.w.org\/{rel}","templated":true}]}}