{"id":48,"date":"2025-07-01T20:29:52","date_gmt":"2025-07-01T20:29:52","guid":{"rendered":"https:\/\/abarca.pt\/?page_id=48"},"modified":"2025-07-01T20:29:52","modified_gmt":"2025-07-01T20:29:52","slug":"contas-2019","status":"publish","type":"page","link":"http:\/\/www.abarca.pt\/?page_id=48","title":{"rendered":"Contas 2019"},"content":{"rendered":"\n<div data-wp-interactive=\"core\/file\" class=\"wp-block-file alignwide\"><object data-wp-bind--hidden=\"!state.hasPdfPreview\" hidden class=\"wp-block-file__embed\" data=\"http:\/\/www.abarca.pt\/wp-content\/uploads\/2025\/07\/2019-Ata-AG.pdf\" type=\"application\/pdf\" style=\"width:100%;height:600px\" aria-label=\"Incorpora\u00e7\u00e3o de 2019 - Ata AG.\"><\/object><a id=\"wp-block-file--media-84ebc5f0-8035-495b-8287-c6454fc232bd\" href=\"http:\/\/www.abarca.pt\/wp-content\/uploads\/2025\/07\/2019-Ata-AG.pdf\">2019 &#8211; Ata AG<\/a><a href=\"http:\/\/www.abarca.pt\/wp-content\/uploads\/2025\/07\/2019-Ata-AG.pdf\" class=\"wp-block-file__button wp-element-button\" download aria-describedby=\"wp-block-file--media-84ebc5f0-8035-495b-8287-c6454fc232bd\">Descarregar<\/a><\/div>\n\n\n\n<div data-wp-interactive=\"core\/file\" class=\"wp-block-file alignwide\"><object data-wp-bind--hidden=\"!state.hasPdfPreview\" hidden class=\"wp-block-file__embed\" data=\"http:\/\/www.abarca.pt\/wp-content\/uploads\/2025\/07\/2019-Declaracao-IPSS_Responsabilidade_Publicitacao_CCP.pdf\" type=\"application\/pdf\" style=\"width:100%;height:600px\" aria-label=\"Incorpora\u00e7\u00e3o de 2019 - Declara\u00e7\u00e3o-IPSS_Responsabilidade_Publicita\u00e7\u00e3o_CCP.\"><\/object><a id=\"wp-block-file--media-e7433b0a-ddda-46ec-9760-9e090f6cbf63\" href=\"http:\/\/www.abarca.pt\/wp-content\/uploads\/2025\/07\/2019-Declaracao-IPSS_Responsabilidade_Publicitacao_CCP.pdf\">2019 &#8211; Declara\u00e7\u00e3o-IPSS_Responsabilidade_Publicita\u00e7\u00e3o_CCP<\/a><a href=\"http:\/\/www.abarca.pt\/wp-content\/uploads\/2025\/07\/2019-Declaracao-IPSS_Responsabilidade_Publicitacao_CCP.pdf\" class=\"wp-block-file__button wp-element-button\" download aria-describedby=\"wp-block-file--media-e7433b0a-ddda-46ec-9760-9e090f6cbf63\">Descarregar<\/a><\/div>\n\n\n\n<div data-wp-interactive=\"core\/file\" class=\"wp-block-file alignwide\"><object data-wp-bind--hidden=\"!state.hasPdfPreview\" hidden class=\"wp-block-file__embed\" data=\"http:\/\/www.abarca.pt\/wp-content\/uploads\/2025\/07\/2019-ParecerConselhoFiscalContas.pdf\" type=\"application\/pdf\" style=\"width:100%;height:600px\" aria-label=\"Incorpora\u00e7\u00e3o de 2019 - ParecerConselhoFiscalContas.\"><\/object><a id=\"wp-block-file--media-c1250444-9e29-49f9-9801-660357417903\" href=\"http:\/\/www.abarca.pt\/wp-content\/uploads\/2025\/07\/2019-ParecerConselhoFiscalContas.pdf\">2019 &#8211; ParecerConselhoFiscalContas<\/a><a href=\"http:\/\/www.abarca.pt\/wp-content\/uploads\/2025\/07\/2019-ParecerConselhoFiscalContas.pdf\" class=\"wp-block-file__button wp-element-button\" download aria-describedby=\"wp-block-file--media-c1250444-9e29-49f9-9801-660357417903\">Descarregar<\/a><\/div>\n\n\n\n<div data-wp-interactive=\"core\/file\" class=\"wp-block-file alignwide\"><object data-wp-bind--hidden=\"!state.hasPdfPreview\" hidden class=\"wp-block-file__embed\" data=\"http:\/\/www.abarca.pt\/wp-content\/uploads\/2025\/07\/2019-Relatorio-de-Atividades.pdf\" type=\"application\/pdf\" style=\"width:100%;height:600px\" aria-label=\"Incorpora\u00e7\u00e3o de 2019 - Relatorio de Atividades.\"><\/object><a id=\"wp-block-file--media-5770c2eb-b7f1-4587-83ca-8874c79f1cc7\" href=\"http:\/\/www.abarca.pt\/wp-content\/uploads\/2025\/07\/2019-Relatorio-de-Atividades.pdf\">2019 &#8211; Relatorio de Atividades<\/a><a href=\"http:\/\/www.abarca.pt\/wp-content\/uploads\/2025\/07\/2019-Relatorio-de-Atividades.pdf\" class=\"wp-block-file__button wp-element-button\" download aria-describedby=\"wp-block-file--media-5770c2eb-b7f1-4587-83ca-8874c79f1cc7\">Descarregar<\/a><\/div>\n\n\n\n<div data-wp-interactive=\"core\/file\" class=\"wp-block-file alignwide\"><object data-wp-bind--hidden=\"!state.hasPdfPreview\" hidden class=\"wp-block-file__embed\" data=\"http:\/\/www.abarca.pt\/wp-content\/uploads\/2025\/07\/2019-Relatorio-e-Contas.pdf\" type=\"application\/pdf\" style=\"width:100%;height:600px\" aria-label=\"Incorpora\u00e7\u00e3o de 2019 - Relatorio e Contas.\"><\/object><a id=\"wp-block-file--media-e76a8498-8252-4950-9967-c417cfd1bc8e\" href=\"http:\/\/www.abarca.pt\/wp-content\/uploads\/2025\/07\/2019-Relatorio-e-Contas.pdf\">2019 &#8211; Relatorio e Contas<\/a><a href=\"http:\/\/www.abarca.pt\/wp-content\/uploads\/2025\/07\/2019-Relatorio-e-Contas.pdf\" class=\"wp-block-file__button wp-element-button\" download aria-describedby=\"wp-block-file--media-e76a8498-8252-4950-9967-c417cfd1bc8e\">Descarregar<\/a><\/div>\n","protected":false},"excerpt":{"rendered":"","protected":false},"author":1,"featured_media":0,"parent":0,"menu_order":0,"comment_status":"closed","ping_status":"closed","template":"","meta":{"footnotes":""},"class_list":["post-48","page","type-page","status-publish","hentry"],"_links":{"self":[{"href":"http:\/\/www.abarca.pt\/index.php?rest_route=\/wp\/v2\/pages\/48","targetHints":{"allow":["GET"]}}],"collection":[{"href":"http:\/\/www.abarca.pt\/index.php?rest_route=\/wp\/v2\/pages"}],"about":[{"href":"http:\/\/www.abarca.pt\/index.php?rest_route=\/wp\/v2\/types\/page"}],"author":[{"embeddable":true,"href":"http:\/\/www.abarca.pt\/index.php?rest_route=\/wp\/v2\/users\/1"}],"replies":[{"embeddable":true,"href":"http:\/\/www.abarca.pt\/index.php?rest_route=%2Fwp%2Fv2%2Fcomments&post=48"}],"version-history":[{"count":1,"href":"http:\/\/www.abarca.pt\/index.php?rest_route=\/wp\/v2\/pages\/48\/revisions"}],"predecessor-version":[{"id":54,"href":"http:\/\/www.abarca.pt\/index.php?rest_route=\/wp\/v2\/pages\/48\/revisions\/54"}],"wp:attachment":[{"href":"http:\/\/www.abarca.pt\/index.php?rest_route=%2Fwp%2Fv2%2Fmedia&parent=48"}],"curies":[{"name":"wp","href":"https:\/\/api.w.org\/{rel}","templated":true}]}}