{"id":61,"date":"2025-07-01T20:31:53","date_gmt":"2025-07-01T20:31:53","guid":{"rendered":"https:\/\/abarca.pt\/?page_id=61"},"modified":"2025-07-01T20:31:53","modified_gmt":"2025-07-01T20:31:53","slug":"contas-2021","status":"publish","type":"page","link":"http:\/\/www.abarca.pt\/?page_id=61","title":{"rendered":"Contas 2021"},"content":{"rendered":"\n<div data-wp-interactive=\"core\/file\" class=\"wp-block-file alignwide\"><object data-wp-bind--hidden=\"!state.hasPdfPreview\" hidden class=\"wp-block-file__embed\" data=\"http:\/\/www.abarca.pt\/wp-content\/uploads\/2025\/07\/2021-acta-fecho-contas.pdf\" type=\"application\/pdf\" style=\"width:100%;height:600px\" aria-label=\"Incorpora\u00e7\u00e3o de 2021 - acta fecho contas.\"><\/object><a id=\"wp-block-file--media-025d83e8-2540-44f4-a621-40e308a9f2e4\" href=\"http:\/\/www.abarca.pt\/wp-content\/uploads\/2025\/07\/2021-acta-fecho-contas.pdf\">2021 &#8211; acta fecho contas<\/a><a href=\"http:\/\/www.abarca.pt\/wp-content\/uploads\/2025\/07\/2021-acta-fecho-contas.pdf\" class=\"wp-block-file__button wp-element-button\" download aria-describedby=\"wp-block-file--media-025d83e8-2540-44f4-a621-40e308a9f2e4\">Descarregar<\/a><\/div>\n\n\n\n<div data-wp-interactive=\"core\/file\" class=\"wp-block-file alignwide\"><object data-wp-bind--hidden=\"!state.hasPdfPreview\" hidden class=\"wp-block-file__embed\" data=\"http:\/\/www.abarca.pt\/wp-content\/uploads\/2025\/07\/2021-Declaracao-de-Responsabilidade.pdf\" type=\"application\/pdf\" style=\"width:100%;height:600px\" aria-label=\"Incorpora\u00e7\u00e3o de 2021 - Declara\u00e7\u00e3o de Responsabilidade.\"><\/object><a id=\"wp-block-file--media-0e5cbc1f-1b4d-421a-b621-8acd4ce3a74d\" href=\"http:\/\/www.abarca.pt\/wp-content\/uploads\/2025\/07\/2021-Declaracao-de-Responsabilidade.pdf\">2021 &#8211; Declara\u00e7\u00e3o de Responsabilidade<\/a><a href=\"http:\/\/www.abarca.pt\/wp-content\/uploads\/2025\/07\/2021-Declaracao-de-Responsabilidade.pdf\" class=\"wp-block-file__button wp-element-button\" download aria-describedby=\"wp-block-file--media-0e5cbc1f-1b4d-421a-b621-8acd4ce3a74d\">Descarregar<\/a><\/div>\n\n\n\n<div data-wp-interactive=\"core\/file\" class=\"wp-block-file alignwide\"><object data-wp-bind--hidden=\"!state.hasPdfPreview\" hidden class=\"wp-block-file__embed\" data=\"http:\/\/www.abarca.pt\/wp-content\/uploads\/2025\/07\/2021-Parecer-Conselho-Fiscal.pdf\" type=\"application\/pdf\" style=\"width:100%;height:600px\" aria-label=\"Incorpora\u00e7\u00e3o de 2021 - Parecer Conselho Fiscal.\"><\/object><a id=\"wp-block-file--media-5728c0a8-7ebd-4b89-a86b-994a48e809b4\" href=\"http:\/\/www.abarca.pt\/wp-content\/uploads\/2025\/07\/2021-Parecer-Conselho-Fiscal.pdf\">2021 &#8211; Parecer Conselho Fiscal<\/a><a href=\"http:\/\/www.abarca.pt\/wp-content\/uploads\/2025\/07\/2021-Parecer-Conselho-Fiscal.pdf\" class=\"wp-block-file__button wp-element-button\" download aria-describedby=\"wp-block-file--media-5728c0a8-7ebd-4b89-a86b-994a48e809b4\">Descarregar<\/a><\/div>\n\n\n\n<div data-wp-interactive=\"core\/file\" class=\"wp-block-file alignwide\"><object data-wp-bind--hidden=\"!state.hasPdfPreview\" hidden class=\"wp-block-file__embed\" data=\"http:\/\/www.abarca.pt\/wp-content\/uploads\/2025\/07\/2021-Relatorio-e-Contas.pdf\" type=\"application\/pdf\" style=\"width:100%;height:600px\" aria-label=\"Incorpora\u00e7\u00e3o de 2021 - Relat\u00f3rio e Contas.\"><\/object><a id=\"wp-block-file--media-339b47be-8f56-4a02-a8fb-543b945f53b2\" href=\"http:\/\/www.abarca.pt\/wp-content\/uploads\/2025\/07\/2021-Relatorio-e-Contas.pdf\">2021 &#8211; Relat\u00f3rio e Contas<\/a><a href=\"http:\/\/www.abarca.pt\/wp-content\/uploads\/2025\/07\/2021-Relatorio-e-Contas.pdf\" class=\"wp-block-file__button wp-element-button\" download aria-describedby=\"wp-block-file--media-339b47be-8f56-4a02-a8fb-543b945f53b2\">Descarregar<\/a><\/div>\n\n\n\n<p><\/p>\n","protected":false},"excerpt":{"rendered":"","protected":false},"author":1,"featured_media":0,"parent":0,"menu_order":0,"comment_status":"closed","ping_status":"closed","template":"","meta":{"footnotes":""},"class_list":["post-61","page","type-page","status-publish","hentry"],"_links":{"self":[{"href":"http:\/\/www.abarca.pt\/index.php?rest_route=\/wp\/v2\/pages\/61","targetHints":{"allow":["GET"]}}],"collection":[{"href":"http:\/\/www.abarca.pt\/index.php?rest_route=\/wp\/v2\/pages"}],"about":[{"href":"http:\/\/www.abarca.pt\/index.php?rest_route=\/wp\/v2\/types\/page"}],"author":[{"embeddable":true,"href":"http:\/\/www.abarca.pt\/index.php?rest_route=\/wp\/v2\/users\/1"}],"replies":[{"embeddable":true,"href":"http:\/\/www.abarca.pt\/index.php?rest_route=%2Fwp%2Fv2%2Fcomments&post=61"}],"version-history":[{"count":1,"href":"http:\/\/www.abarca.pt\/index.php?rest_route=\/wp\/v2\/pages\/61\/revisions"}],"predecessor-version":[{"id":66,"href":"http:\/\/www.abarca.pt\/index.php?rest_route=\/wp\/v2\/pages\/61\/revisions\/66"}],"wp:attachment":[{"href":"http:\/\/www.abarca.pt\/index.php?rest_route=%2Fwp%2Fv2%2Fmedia&parent=61"}],"curies":[{"name":"wp","href":"https:\/\/api.w.org\/{rel}","templated":true}]}}